{"id":24291,"date":"2023-10-19T18:04:50","date_gmt":"2023-10-19T18:04:50","guid":{"rendered":"https:\/\/rideoutlaw.com\/video\/"},"modified":"2025-06-04T18:45:33","modified_gmt":"2025-06-04T18:45:33","slug":"video","status":"publish","type":"page","link":"https:\/\/rideoutlaw.com\/es\/video\/","title":{"rendered":"V\u00eddeo"},"content":{"rendered":"","protected":false},"excerpt":{"rendered":"","protected":false},"author":3,"featured_media":24294,"parent":0,"menu_order":0,"comment_status":"closed","ping_status":"closed","template":"","meta":{"site-sidebar-layout":"no-sidebar","site-content-layout":"page-builder","ast-site-content-layout":"full-width-container","site-content-style":"unboxed","site-sidebar-style":"unboxed","ast-global-header-display":"","ast-banner-title-visibility":"","ast-main-header-display":"","ast-hfb-above-header-display":"","ast-hfb-below-header-display":"","ast-hfb-mobile-header-display":"","site-post-title":"disabled","ast-breadcrumbs-content":"","ast-featured-img":"","footer-sml-layout":"","ast-disable-related-posts":"","theme-transparent-header-meta":"default","adv-header-id-meta":"","stick-header-meta":"default","header-above-stick-meta":"","header-main-stick-meta":"","header-below-stick-meta":"","astra-migrate-meta-layouts":"default","ast-page-background-enabled":"default","ast-page-background-meta":{"desktop":{"background-color":"","background-image":"","background-repeat":"repeat","background-position":"center center","background-size":"auto","background-attachment":"scroll","background-type":"","background-media":"","overlay-type":"","overlay-color":"","overlay-opacity":"","overlay-gradient":""},"tablet":{"background-color":"","background-image":"","background-repeat":"repeat","background-position":"center center","background-size":"auto","background-attachment":"scroll","background-type":"","background-media":"","overlay-type":"","overlay-color":"","overlay-opacity":"","overlay-gradient":""},"mobile":{"background-color":"","background-image":"","background-repeat":"repeat","background-position":"center center","background-size":"auto","background-attachment":"scroll","background-type":"","background-media":"","overlay-type":"","overlay-color":"","overlay-opacity":"","overlay-gradient":""}},"ast-content-background-meta":{"desktop":{"background-color":"var(--ast-global-color-5)","background-image":"","background-repeat":"repeat","background-position":"center center","background-size":"auto","background-attachment":"scroll","background-type":"","background-media":"","overlay-type":"","overlay-color":"","overlay-opacity":"","overlay-gradient":""},"tablet":{"background-color":"var(--ast-global-color-5)","background-image":"","background-repeat":"repeat","background-position":"center center","background-size":"auto","background-attachment":"scroll","background-type":"","background-media":"","overlay-type":"","overlay-color":"","overlay-opacity":"","overlay-gradient":""},"mobile":{"background-color":"var(--ast-global-color-5)","background-image":"","background-repeat":"repeat","background-position":"center center","background-size":"auto","background-attachment":"scroll","background-type":"","background-media":"","overlay-type":"","overlay-color":"","overlay-opacity":"","overlay-gradient":""}},"footnotes":""},"class_list":["post-24291","page","type-page","status-publish","has-post-thumbnail","hentry"],"yoast_head":"<!-- This site is optimized with the Yoast SEO Premium plugin v27.5 (Yoast SEO v27.5) - https:\/\/yoast.com\/product\/yoast-seo-premium-wordpress\/ -->\n<title>V\u00eddeo - Rideout Law Group<\/title>\n<meta name=\"description\" content=\"V\u00eddeos jur\u00eddicos de Rideout Law Group sobre Derecho de Familia, Penal y de Menores en Arizona. Informaci\u00f3n jur\u00eddica al alcance de tu mano.\" \/>\n<meta name=\"robots\" content=\"index, follow, max-snippet:-1, max-image-preview:large, max-video-preview:-1\" \/>\n<link rel=\"canonical\" href=\"https:\/\/rideoutlaw.com\/es\/video\/\" \/>\n<meta property=\"og:locale\" content=\"es_ES\" \/>\n<meta property=\"og:type\" content=\"article\" \/>\n<meta property=\"og:title\" content=\"V\u00eddeo\" \/>\n<meta property=\"og:description\" content=\"V\u00eddeos jur\u00eddicos de Rideout Law Group sobre Derecho de Familia, Penal y de Menores en Arizona. Informaci\u00f3n jur\u00eddica al alcance de tu mano.\" \/>\n<meta property=\"og:url\" content=\"https:\/\/rideoutlaw.com\/es\/video\/\" \/>\n<meta property=\"og:site_name\" content=\"Rideout Law Group\" \/>\n<meta property=\"article:modified_time\" content=\"2025-06-04T18:45:33+00:00\" \/>\n<meta property=\"og:image\" content=\"https:\/\/rideoutlaw.com\/wp-content\/uploads\/2020\/06\/AdobeStock_181296179-scaled.jpeg\" \/>\n\t<meta property=\"og:image:width\" content=\"2560\" \/>\n\t<meta property=\"og:image:height\" content=\"1556\" \/>\n\t<meta property=\"og:image:type\" content=\"image\/jpeg\" \/>\n<meta name=\"twitter:card\" content=\"summary_large_image\" \/>\n<script type=\"application\/ld+json\" class=\"yoast-schema-graph\">{\"@context\":\"https:\\\/\\\/schema.org\",\"@graph\":[{\"@type\":\"WebPage\",\"@id\":\"https:\\\/\\\/rideoutlaw.com\\\/es\\\/video\\\/\",\"url\":\"https:\\\/\\\/rideoutlaw.com\\\/es\\\/video\\\/\",\"name\":\"V\u00eddeo - Rideout Law Group\",\"isPartOf\":{\"@id\":\"https:\\\/\\\/rideoutlaw.com\\\/#website\"},\"primaryImageOfPage\":{\"@id\":\"https:\\\/\\\/rideoutlaw.com\\\/es\\\/video\\\/#primaryimage\"},\"image\":{\"@id\":\"https:\\\/\\\/rideoutlaw.com\\\/es\\\/video\\\/#primaryimage\"},\"thumbnailUrl\":\"https:\\\/\\\/rideoutlaw.com\\\/wp-content\\\/uploads\\\/2020\\\/06\\\/AdobeStock_181296179-scaled.jpeg\",\"datePublished\":\"2023-10-19T18:04:50+00:00\",\"dateModified\":\"2025-06-04T18:45:33+00:00\",\"description\":\"V\u00eddeos jur\u00eddicos de Rideout Law Group sobre Derecho de Familia, Penal y de Menores en Arizona. Informaci\u00f3n jur\u00eddica al alcance de tu mano.\",\"breadcrumb\":{\"@id\":\"https:\\\/\\\/rideoutlaw.com\\\/es\\\/video\\\/#breadcrumb\"},\"inLanguage\":\"es-ES\",\"potentialAction\":[{\"@type\":\"ReadAction\",\"target\":[\"https:\\\/\\\/rideoutlaw.com\\\/es\\\/video\\\/\"]}]},{\"@type\":\"ImageObject\",\"inLanguage\":\"es-ES\",\"@id\":\"https:\\\/\\\/rideoutlaw.com\\\/es\\\/video\\\/#primaryimage\",\"url\":\"https:\\\/\\\/rideoutlaw.com\\\/wp-content\\\/uploads\\\/2020\\\/06\\\/AdobeStock_181296179-scaled.jpeg\",\"contentUrl\":\"https:\\\/\\\/rideoutlaw.com\\\/wp-content\\\/uploads\\\/2020\\\/06\\\/AdobeStock_181296179-scaled.jpeg\",\"width\":2560,\"height\":1556,\"caption\":\"Night Time Police Violent Crime Intervention. Police Vehicles with Flashing Lights.\"},{\"@type\":\"BreadcrumbList\",\"@id\":\"https:\\\/\\\/rideoutlaw.com\\\/es\\\/video\\\/#breadcrumb\",\"itemListElement\":[{\"@type\":\"ListItem\",\"position\":1,\"name\":\"Home\",\"item\":\"https:\\\/\\\/rideoutlaw.com\\\/es\\\/\"},{\"@type\":\"ListItem\",\"position\":2,\"name\":\"V\u00eddeo\"}]},{\"@type\":\"WebSite\",\"@id\":\"https:\\\/\\\/rideoutlaw.com\\\/#website\",\"url\":\"https:\\\/\\\/rideoutlaw.com\\\/\",\"name\":\"Rideout Law Group\",\"description\":\"\",\"publisher\":{\"@id\":\"https:\\\/\\\/rideoutlaw.com\\\/#organization\"},\"potentialAction\":[{\"@type\":\"SearchAction\",\"target\":{\"@type\":\"EntryPoint\",\"urlTemplate\":\"https:\\\/\\\/rideoutlaw.com\\\/?s={search_term_string}\"},\"query-input\":{\"@type\":\"PropertyValueSpecification\",\"valueRequired\":true,\"valueName\":\"search_term_string\"}}],\"inLanguage\":\"es-ES\"},{\"@type\":\"Organization\",\"@id\":\"https:\\\/\\\/rideoutlaw.com\\\/#organization\",\"name\":\"Rideout Law Group\",\"url\":\"https:\\\/\\\/rideoutlaw.com\\\/\",\"logo\":{\"@type\":\"ImageObject\",\"inLanguage\":\"es-ES\",\"@id\":\"https:\\\/\\\/rideoutlaw.com\\\/#\\\/schema\\\/logo\\\/image\\\/\",\"url\":\"https:\\\/\\\/rideoutlaw.com\\\/wp-content\\\/uploads\\\/2019\\\/03\\\/rideoutlawgroup-logo-reverse.png\",\"contentUrl\":\"https:\\\/\\\/rideoutlaw.com\\\/wp-content\\\/uploads\\\/2019\\\/03\\\/rideoutlawgroup-logo-reverse.png\",\"width\":1299,\"height\":149,\"caption\":\"Rideout Law Group\"},\"image\":{\"@id\":\"https:\\\/\\\/rideoutlaw.com\\\/#\\\/schema\\\/logo\\\/image\\\/\"}}]}<\/script>\n<!-- \/ Yoast SEO Premium plugin. -->","yoast_head_json":{"title":"V\u00eddeo - Rideout Law Group","description":"V\u00eddeos jur\u00eddicos de Rideout Law Group sobre Derecho de Familia, Penal y de Menores en Arizona. Informaci\u00f3n jur\u00eddica al alcance de tu mano.","robots":{"index":"index","follow":"follow","max-snippet":"max-snippet:-1","max-image-preview":"max-image-preview:large","max-video-preview":"max-video-preview:-1"},"canonical":"https:\/\/rideoutlaw.com\/es\/video\/","og_locale":"es_ES","og_type":"article","og_title":"V\u00eddeo","og_description":"V\u00eddeos jur\u00eddicos de Rideout Law Group sobre Derecho de Familia, Penal y de Menores en Arizona. Informaci\u00f3n jur\u00eddica al alcance de tu mano.","og_url":"https:\/\/rideoutlaw.com\/es\/video\/","og_site_name":"Rideout Law Group","article_modified_time":"2025-06-04T18:45:33+00:00","og_image":[{"width":2560,"height":1556,"url":"https:\/\/rideoutlaw.com\/wp-content\/uploads\/2020\/06\/AdobeStock_181296179-scaled.jpeg","type":"image\/jpeg"}],"twitter_card":"summary_large_image","schema":{"@context":"https:\/\/schema.org","@graph":[{"@type":"WebPage","@id":"https:\/\/rideoutlaw.com\/es\/video\/","url":"https:\/\/rideoutlaw.com\/es\/video\/","name":"V\u00eddeo - Rideout Law Group","isPartOf":{"@id":"https:\/\/rideoutlaw.com\/#website"},"primaryImageOfPage":{"@id":"https:\/\/rideoutlaw.com\/es\/video\/#primaryimage"},"image":{"@id":"https:\/\/rideoutlaw.com\/es\/video\/#primaryimage"},"thumbnailUrl":"https:\/\/rideoutlaw.com\/wp-content\/uploads\/2020\/06\/AdobeStock_181296179-scaled.jpeg","datePublished":"2023-10-19T18:04:50+00:00","dateModified":"2025-06-04T18:45:33+00:00","description":"V\u00eddeos jur\u00eddicos de Rideout Law Group sobre Derecho de Familia, Penal y de Menores en Arizona. Informaci\u00f3n jur\u00eddica al alcance de tu mano.","breadcrumb":{"@id":"https:\/\/rideoutlaw.com\/es\/video\/#breadcrumb"},"inLanguage":"es-ES","potentialAction":[{"@type":"ReadAction","target":["https:\/\/rideoutlaw.com\/es\/video\/"]}]},{"@type":"ImageObject","inLanguage":"es-ES","@id":"https:\/\/rideoutlaw.com\/es\/video\/#primaryimage","url":"https:\/\/rideoutlaw.com\/wp-content\/uploads\/2020\/06\/AdobeStock_181296179-scaled.jpeg","contentUrl":"https:\/\/rideoutlaw.com\/wp-content\/uploads\/2020\/06\/AdobeStock_181296179-scaled.jpeg","width":2560,"height":1556,"caption":"Night Time Police Violent Crime Intervention. Police Vehicles with Flashing Lights."},{"@type":"BreadcrumbList","@id":"https:\/\/rideoutlaw.com\/es\/video\/#breadcrumb","itemListElement":[{"@type":"ListItem","position":1,"name":"Home","item":"https:\/\/rideoutlaw.com\/es\/"},{"@type":"ListItem","position":2,"name":"V\u00eddeo"}]},{"@type":"WebSite","@id":"https:\/\/rideoutlaw.com\/#website","url":"https:\/\/rideoutlaw.com\/","name":"Rideout Law Group","description":"","publisher":{"@id":"https:\/\/rideoutlaw.com\/#organization"},"potentialAction":[{"@type":"SearchAction","target":{"@type":"EntryPoint","urlTemplate":"https:\/\/rideoutlaw.com\/?s={search_term_string}"},"query-input":{"@type":"PropertyValueSpecification","valueRequired":true,"valueName":"search_term_string"}}],"inLanguage":"es-ES"},{"@type":"Organization","@id":"https:\/\/rideoutlaw.com\/#organization","name":"Rideout Law Group","url":"https:\/\/rideoutlaw.com\/","logo":{"@type":"ImageObject","inLanguage":"es-ES","@id":"https:\/\/rideoutlaw.com\/#\/schema\/logo\/image\/","url":"https:\/\/rideoutlaw.com\/wp-content\/uploads\/2019\/03\/rideoutlawgroup-logo-reverse.png","contentUrl":"https:\/\/rideoutlaw.com\/wp-content\/uploads\/2019\/03\/rideoutlawgroup-logo-reverse.png","width":1299,"height":149,"caption":"Rideout Law Group"},"image":{"@id":"https:\/\/rideoutlaw.com\/#\/schema\/logo\/image\/"}}]}},"_links":{"self":[{"href":"https:\/\/rideoutlaw.com\/es\/wp-json\/wp\/v2\/pages\/24291","targetHints":{"allow":["GET"]}}],"collection":[{"href":"https:\/\/rideoutlaw.com\/es\/wp-json\/wp\/v2\/pages"}],"about":[{"href":"https:\/\/rideoutlaw.com\/es\/wp-json\/wp\/v2\/types\/page"}],"author":[{"embeddable":true,"href":"https:\/\/rideoutlaw.com\/es\/wp-json\/wp\/v2\/users\/3"}],"replies":[{"embeddable":true,"href":"https:\/\/rideoutlaw.com\/es\/wp-json\/wp\/v2\/comments?post=24291"}],"version-history":[{"count":1,"href":"https:\/\/rideoutlaw.com\/es\/wp-json\/wp\/v2\/pages\/24291\/revisions"}],"predecessor-version":[{"id":26515,"href":"https:\/\/rideoutlaw.com\/es\/wp-json\/wp\/v2\/pages\/24291\/revisions\/26515"}],"wp:featuredmedia":[{"embeddable":true,"href":"https:\/\/rideoutlaw.com\/es\/wp-json\/wp\/v2\/media\/24294"}],"wp:attachment":[{"href":"https:\/\/rideoutlaw.com\/es\/wp-json\/wp\/v2\/media?parent=24291"}],"curies":[{"name":"wp","href":"https:\/\/api.w.org\/{rel}","templated":true}]}}