{"id":26475,"date":"2025-06-04T18:45:10","date_gmt":"2025-06-04T18:45:10","guid":{"rendered":"https:\/\/rideoutlaw.com\/areas-de-practica-2\/"},"modified":"2025-08-11T12:35:11","modified_gmt":"2025-08-11T19:35:11","slug":"areas-de-practica","status":"publish","type":"page","link":"https:\/\/rideoutlaw.com\/es\/areas-de-practica\/","title":{"rendered":"\u00c1reas de pr\u00e1ctica"},"content":{"rendered":"\r\n<h1>Practice Areas<\/h1>\r\n<h3>Legal Expertise<\/h3>\r\n<p>Rideout Law is a results-driven criminal defense law firm, known for its team of experienced trial attorneys who are ready to fight for you and your case. The team at Rideout Law understands that every case is different and works to craft a customized plan around each client&#8217;s best defense strategy.<\/p>\r\n<p>Criminal Defense<\/p>\r\n<p><a href=\"https:\/\/rideoutlaw.com\/es\/defensa-penal\/\" target=\"_self\"> Learn More <\/a><\/p>\r\n<p>DUI Defense<\/p>\r\n<p><a href=\"https:\/\/rideoutlaw.com\/es\/defensa-dui\/\" target=\"_self\"> Learn More <\/a><\/p>\r\n<p>Juvenile Law<\/p>\r\n<p><a href=\"https:\/\/rideoutlaw.com\/es\/derecho-de-menores\/\" target=\"_self\"> Learn More <\/a><\/p>\r\n<p>Family Law<\/p>\r\n<p><a href=\"https:\/\/rideoutlaw.com\/es\/derecho-de-familia\/\" target=\"_self\"> Learn More <\/a><\/p>\r\n<p>Divorce Law<\/p>\r\n<p><a href=\"https:\/\/rideoutlaw.com\/es\/derecho-del-divorcio\/\" target=\"_self\"> Learn More <\/a><\/p>\r\n<p>Custody Law<\/p>\r\n<p><a href=\"https:\/\/rideoutlaw.com\/es\/derecho-de-custodia\/\" target=\"_self\"> Learn More <\/a><\/p>\r\n<p>Protective Orders<\/p>\r\n<p><a href=\"https:\/\/rideoutlaw.com\/es\/ordenes-de-proteccion\/\" target=\"_self\"> Learn More <\/a><\/p>\r\n<p>Expungements<\/p>\r\n<p><a href=\"https:\/\/rideoutlaw.com\/es\/ley-de-cancelacion-de-antecedentes-penales\/\" target=\"_self\"> Learn More <\/a><\/p>\r\n<p>Civil Litigation<\/p>\r\n<p><a href=\"https:\/\/rideoutlaw.com\/es\/litigios-civiles\/\" target=\"_self\"> Learn More <\/a><\/p>\r\n<p>Personal Injury<\/p>\r\n<p><a href=\"https:\/\/rideoutlaw.com\/es\/lesiones-personales\/\" target=\"_self\"> Learn More <\/a><\/p>\r\n<p>Medical Malpractice<\/p>\r\n<p><a href=\"https:\/\/rideoutlaw.com\/es\/negligencia-medica\/\" target=\"_self\"> Learn More <\/a><\/p>\r\n<p>Slip and Fall<\/p>\r\n<p><a href=\"https:\/\/rideoutlaw.com\/es\/resbalon-y-caida\/\" target=\"_self\"> Learn More <\/a><\/p>\r\n<p>Auto Accidents<\/p>\r\n<p><a href=\"https:\/\/rideoutlaw.com\/es\/accidente-de-trafico\/\" target=\"_self\"> Learn More <\/a><\/p>\r\n<p>Victim Representation<\/p>\r\n<p><a href=\"https:\/\/rideoutlaw.com\/es\/representacion-de-las-victimas\/\" target=\"_self\"> Learn More <\/a><\/p>\r\n<h3>Our Attorneys<\/h3>\r\n<p><img decoding=\"async\" title=\"Brad-Rideout-Law-Group copy-1 (1)\" data-src=\"https:\/\/rideoutlaw.com\/wp-content\/uploads\/2021\/03\/Brad-Rideout-Law-Group-copy-1-1.jpg\" alt=\"Brad-Rideout-Law-Group copy-1 (1)\" width=\"800\" height=\"800\" src=\"data:image\/svg+xml;base64,PHN2ZyB3aWR0aD0iMSIgaGVpZ2h0PSIxIiB4bWxucz0iaHR0cDovL3d3dy53My5vcmcvMjAwMC9zdmciPjwvc3ZnPg==\" class=\"lazyload\" style=\"--smush-placeholder-width: 800px; --smush-placeholder-aspect-ratio: 800\/800;\" \/><\/p>\r\n<h3>Brad Rideout<\/h3>\r\n<p>Founder, Criminal Defense &amp; Family Law<b><br \/><\/b><\/p>\r\n<p><a title=\"Click Here\" role=\"button\" href=\"https:\/\/rideoutlaw.com\/es\/brad-rideout\/\" target=\"_self\" aria-label=\"Read More\"> Read More <\/a> <img decoding=\"async\" title=\"Steve Eckhardt\" data-src=\"https:\/\/rideoutlaw.com\/wp-content\/uploads\/2025\/05\/2.png\" alt=\"Steve Eckhardt\" width=\"1080\" height=\"1080\" src=\"data:image\/svg+xml;base64,PHN2ZyB3aWR0aD0iMSIgaGVpZ2h0PSIxIiB4bWxucz0iaHR0cDovL3d3dy53My5vcmcvMjAwMC9zdmciPjwvc3ZnPg==\" class=\"lazyload\" style=\"--smush-placeholder-width: 1080px; --smush-placeholder-aspect-ratio: 1080\/1080;\" \/><\/p>\r\n<h3>Steve Eckhardt<\/h3>\r\n<p>Family, Bankruptcy, Criminal &amp; Civil Law<\/p>\r\n<p><a title=\"Click Here\" role=\"button\" href=\"https:\/\/rideoutlaw.com\/es\/steve-eckhardt\/\" target=\"_self\" aria-label=\"Read More\"> Read More <\/a> <img decoding=\"async\" title=\"Carolyn\" data-src=\"https:\/\/rideoutlaw.com\/wp-content\/uploads\/2025\/05\/3.png\" alt=\"Carolyn\" width=\"1080\" height=\"1080\" src=\"data:image\/svg+xml;base64,PHN2ZyB3aWR0aD0iMSIgaGVpZ2h0PSIxIiB4bWxucz0iaHR0cDovL3d3dy53My5vcmcvMjAwMC9zdmciPjwvc3ZnPg==\" class=\"lazyload\" style=\"--smush-placeholder-width: 1080px; --smush-placeholder-aspect-ratio: 1080\/1080;\" \/><\/p>\r\n<h3>Carolyn Keist-Gilbert<\/h3>\r\n<p>Criminal Defense, Creative Strategy &amp; Juvenile Law<\/p>\r\n<p><a title=\"Click Here\" role=\"button\" href=\"https:\/\/rideoutlaw.com\/es\/carolyn-keist-gilbert\/\" target=\"_self\" aria-label=\"Read More\"> Read More <\/a><\/p>\r\n<h3>We Serve Clients Throughout Maricopa &amp; Mohave County<\/h3>\r\n<p><img decoding=\"async\" title=\"Scottsdale-Rideout-Law-Group-1 (2)\" data-src=\"https:\/\/rideoutlaw.com\/wp-content\/uploads\/2021\/03\/Scottsdale-Rideout-Law-Group-1-2-scaled.jpg\" alt=\"Scottsdale Arizona\" width=\"2560\" height=\"1913\" src=\"data:image\/svg+xml;base64,PHN2ZyB3aWR0aD0iMSIgaGVpZ2h0PSIxIiB4bWxucz0iaHR0cDovL3d3dy53My5vcmcvMjAwMC9zdmciPjwvc3ZnPg==\" class=\"lazyload\" style=\"--smush-placeholder-width: 2560px; --smush-placeholder-aspect-ratio: 2560\/1913;\" \/><\/p>\r\n<h3>Scottsdale Office<\/h3>\r\n<p><a href=\"https:\/\/maps.app.goo.gl\/UAuCXsraWdozbcsR6\">11111 N Scottsdale Rd, Suite 225,<br \/>Scottsdale, AZ 85254<\/a><br \/><a href=\"tel:4805843328\">(480) 584-3328<\/a> <a href=\"https:\/\/rideoutlaw.com\/es\/oficina-de-scottsdale\/\" target=\"_self\"> Learn More <\/a> <img decoding=\"async\" title=\"Lake Havasu City\" data-src=\"https:\/\/rideoutlaw.com\/wp-content\/uploads\/2019\/03\/location-lake-havasu-city.jpg\" alt=\"Lake Havasu City\" width=\"900\" height=\"900\" src=\"data:image\/svg+xml;base64,PHN2ZyB3aWR0aD0iMSIgaGVpZ2h0PSIxIiB4bWxucz0iaHR0cDovL3d3dy53My5vcmcvMjAwMC9zdmciPjwvc3ZnPg==\" class=\"lazyload\" style=\"--smush-placeholder-width: 900px; --smush-placeholder-aspect-ratio: 900\/900;\" \/><\/p>\r\n<h3>Lake Havasu Office<\/h3>\r\n<p><a href=\"https:\/\/maps.app.goo.gl\/BFb8NSRRyW5UpLPeA\">2800 Sweetwater Ave A-104, Suite A104,<br \/>Lake Havasu City, AZ, 86406<\/a><br \/><a href=\"tel:9288548181\">(928) 854-8181<\/a> <a href=\"https:\/\/rideoutlaw.com\/es\/lake-havasu-city\/\" target=\"_self\"> Learn More <\/a><\/p>\r\n<h3>Get the Legal Help You Deserve<\/h3>\r\n<p>You don&#8217;t have to face your legal challenges alone. At Rideout Law Group, we bring the skill, experience, and drive it takes to fight for your future. Contact us today to get started.<br \/><br \/><\/p>\r\n<ul>\r\n<li>Call Us For A Free Case Review: <a href=\"tel:8338548181\">(833) 854-8181<\/a><\/li>\r\n<li>Contact Us | Same-Day Consultations Available<\/li>\r\n<\/ul>\r\n","protected":false},"excerpt":{"rendered":"<p>Practice Areas Legal Expertise Rideout Law is a results-driven criminal defense law firm, known for its team of experienced trial attorneys who are ready to fight for you and your case. The team at Rideout Law understands that every case [&hellip;]<\/p>\n","protected":false},"author":8,"featured_media":23473,"parent":0,"menu_order":0,"comment_status":"closed","ping_status":"closed","template":"","meta":{"site-sidebar-layout":"no-sidebar","site-content-layout":"page-builder","ast-site-content-layout":"full-width-container","site-content-style":"unboxed","site-sidebar-style":"unboxed","ast-global-header-display":"","ast-banner-title-visibility":"","ast-main-header-display":"","ast-hfb-above-header-display":"","ast-hfb-below-header-display":"","ast-hfb-mobile-header-display":"","site-post-title":"disabled","ast-breadcrumbs-content":"","ast-featured-img":"disabled","footer-sml-layout":"","ast-disable-related-posts":"","theme-transparent-header-meta":"default","adv-header-id-meta":"","stick-header-meta":"default","header-above-stick-meta":"","header-main-stick-meta":"","header-below-stick-meta":"","astra-migrate-meta-layouts":"set","ast-page-background-enabled":"default","ast-page-background-meta":{"desktop":{"background-color":"","background-image":"","background-repeat":"repeat","background-position":"center center","background-size":"auto","background-attachment":"scroll","background-type":"","background-media":"","overlay-type":"","overlay-color":"","overlay-opacity":"","overlay-gradient":""},"tablet":{"background-color":"","background-image":"","background-repeat":"repeat","background-position":"center center","background-size":"auto","background-attachment":"scroll","background-type":"","background-media":"","overlay-type":"","overlay-color":"","overlay-opacity":"","overlay-gradient":""},"mobile":{"background-color":"","background-image":"","background-repeat":"repeat","background-position":"center center","background-size":"auto","background-attachment":"scroll","background-type":"","background-media":"","overlay-type":"","overlay-color":"","overlay-opacity":"","overlay-gradient":""}},"ast-content-background-meta":{"desktop":{"background-color":"var(--ast-global-color-5)","background-image":"","background-repeat":"repeat","background-position":"center center","background-size":"auto","background-attachment":"scroll","background-type":"","background-media":"","overlay-type":"","overlay-color":"","overlay-opacity":"","overlay-gradient":""},"tablet":{"background-color":"var(--ast-global-color-5)","background-image":"","background-repeat":"repeat","background-position":"center center","background-size":"auto","background-attachment":"scroll","background-type":"","background-media":"","overlay-type":"","overlay-color":"","overlay-opacity":"","overlay-gradient":""},"mobile":{"background-color":"var(--ast-global-color-5)","background-image":"","background-repeat":"repeat","background-position":"center center","background-size":"auto","background-attachment":"scroll","background-type":"","background-media":"","overlay-type":"","overlay-color":"","overlay-opacity":"","overlay-gradient":""}},"footnotes":""},"class_list":["post-26475","page","type-page","status-publish","has-post-thumbnail","hentry"],"yoast_head":"<!-- This site is optimized with the Yoast SEO Premium plugin v27.4 (Yoast SEO v27.4) - https:\/\/yoast.com\/product\/yoast-seo-premium-wordpress\/ -->\n<title>\u00c1reas de pr\u00e1ctica - Rideout Law Group<\/title>\n<meta name=\"description\" content=\"Explora nuestras Completas \u00c1reas de Pr\u00e1ctica. Conf\u00eda en los abogados de Rideout para atender tus necesidades legales. Ponte en contacto con nosotros hoy mismo para obtener asesoramiento jur\u00eddico especializado\" \/>\n<meta name=\"robots\" content=\"index, follow, max-snippet:-1, max-image-preview:large, max-video-preview:-1\" \/>\n<link rel=\"canonical\" href=\"https:\/\/rideoutlaw.com\/es\/areas-de-practica\/\" \/>\n<meta property=\"og:locale\" content=\"es_ES\" \/>\n<meta property=\"og:type\" content=\"article\" \/>\n<meta property=\"og:title\" content=\"\u00c1reas de pr\u00e1ctica\" \/>\n<meta property=\"og:description\" content=\"Explora nuestras Completas \u00c1reas de Pr\u00e1ctica. Conf\u00eda en los abogados de Rideout para atender tus necesidades legales. Ponte en contacto con nosotros hoy mismo para obtener asesoramiento jur\u00eddico especializado\" \/>\n<meta property=\"og:url\" content=\"https:\/\/rideoutlaw.com\/es\/areas-de-practica\/\" \/>\n<meta property=\"og:site_name\" content=\"Rideout Law Group\" \/>\n<meta property=\"article:modified_time\" content=\"2025-08-11T19:35:11+00:00\" \/>\n<meta property=\"og:image\" content=\"https:\/\/rideoutlaw.com\/wp-content\/uploads\/2023\/08\/Brad-Rideout-Law-Group-1.jpg\" \/>\n\t<meta property=\"og:image:width\" content=\"800\" \/>\n\t<meta property=\"og:image:height\" content=\"800\" \/>\n\t<meta property=\"og:image:type\" content=\"image\/jpeg\" \/>\n<meta name=\"twitter:card\" content=\"summary_large_image\" \/>\n<meta name=\"twitter:label1\" content=\"Est. reading time\" \/>\n\t<meta name=\"twitter:data1\" content=\"1 minute\" \/>\n<script type=\"application\/ld+json\" class=\"yoast-schema-graph\">{\"@context\":\"https:\\\/\\\/schema.org\",\"@graph\":[{\"@type\":\"WebPage\",\"@id\":\"https:\\\/\\\/rideoutlaw.com\\\/es\\\/areas-de-practica\\\/\",\"url\":\"https:\\\/\\\/rideoutlaw.com\\\/es\\\/areas-de-practica\\\/\",\"name\":\"\u00c1reas de pr\u00e1ctica - Rideout Law Group\",\"isPartOf\":{\"@id\":\"https:\\\/\\\/rideoutlaw.com\\\/#website\"},\"primaryImageOfPage\":{\"@id\":\"https:\\\/\\\/rideoutlaw.com\\\/es\\\/areas-de-practica\\\/#primaryimage\"},\"image\":{\"@id\":\"https:\\\/\\\/rideoutlaw.com\\\/es\\\/areas-de-practica\\\/#primaryimage\"},\"thumbnailUrl\":\"https:\\\/\\\/rideoutlaw.com\\\/wp-content\\\/uploads\\\/2023\\\/08\\\/Brad-Rideout-Law-Group-1.jpg\",\"datePublished\":\"2025-06-04T18:45:10+00:00\",\"dateModified\":\"2025-08-11T19:35:11+00:00\",\"description\":\"Explora nuestras Completas \u00c1reas de Pr\u00e1ctica. Conf\u00eda en los abogados de Rideout para atender tus necesidades legales. Ponte en contacto con nosotros hoy mismo para obtener asesoramiento jur\u00eddico especializado\",\"breadcrumb\":{\"@id\":\"https:\\\/\\\/rideoutlaw.com\\\/es\\\/areas-de-practica\\\/#breadcrumb\"},\"inLanguage\":\"es-ES\",\"potentialAction\":[{\"@type\":\"ReadAction\",\"target\":[\"https:\\\/\\\/rideoutlaw.com\\\/es\\\/areas-de-practica\\\/\"]}]},{\"@type\":\"ImageObject\",\"inLanguage\":\"es-ES\",\"@id\":\"https:\\\/\\\/rideoutlaw.com\\\/es\\\/areas-de-practica\\\/#primaryimage\",\"url\":\"https:\\\/\\\/rideoutlaw.com\\\/wp-content\\\/uploads\\\/2023\\\/08\\\/Brad-Rideout-Law-Group-1.jpg\",\"contentUrl\":\"https:\\\/\\\/rideoutlaw.com\\\/wp-content\\\/uploads\\\/2023\\\/08\\\/Brad-Rideout-Law-Group-1.jpg\",\"width\":800,\"height\":800,\"caption\":\"Attorney Brad Rideout\"},{\"@type\":\"BreadcrumbList\",\"@id\":\"https:\\\/\\\/rideoutlaw.com\\\/es\\\/areas-de-practica\\\/#breadcrumb\",\"itemListElement\":[{\"@type\":\"ListItem\",\"position\":1,\"name\":\"Home\",\"item\":\"https:\\\/\\\/rideoutlaw.com\\\/es\\\/\"},{\"@type\":\"ListItem\",\"position\":2,\"name\":\"\u00c1reas de pr\u00e1ctica\"}]},{\"@type\":\"WebSite\",\"@id\":\"https:\\\/\\\/rideoutlaw.com\\\/#website\",\"url\":\"https:\\\/\\\/rideoutlaw.com\\\/\",\"name\":\"Rideout Law Group\",\"description\":\"\",\"publisher\":{\"@id\":\"https:\\\/\\\/rideoutlaw.com\\\/#organization\"},\"potentialAction\":[{\"@type\":\"SearchAction\",\"target\":{\"@type\":\"EntryPoint\",\"urlTemplate\":\"https:\\\/\\\/rideoutlaw.com\\\/?s={search_term_string}\"},\"query-input\":{\"@type\":\"PropertyValueSpecification\",\"valueRequired\":true,\"valueName\":\"search_term_string\"}}],\"inLanguage\":\"es-ES\"},{\"@type\":\"Organization\",\"@id\":\"https:\\\/\\\/rideoutlaw.com\\\/#organization\",\"name\":\"Rideout Law Group\",\"url\":\"https:\\\/\\\/rideoutlaw.com\\\/\",\"logo\":{\"@type\":\"ImageObject\",\"inLanguage\":\"es-ES\",\"@id\":\"https:\\\/\\\/rideoutlaw.com\\\/#\\\/schema\\\/logo\\\/image\\\/\",\"url\":\"https:\\\/\\\/rideoutlaw.com\\\/wp-content\\\/uploads\\\/2019\\\/03\\\/rideoutlawgroup-logo-reverse.png\",\"contentUrl\":\"https:\\\/\\\/rideoutlaw.com\\\/wp-content\\\/uploads\\\/2019\\\/03\\\/rideoutlawgroup-logo-reverse.png\",\"width\":1299,\"height\":149,\"caption\":\"Rideout Law Group\"},\"image\":{\"@id\":\"https:\\\/\\\/rideoutlaw.com\\\/#\\\/schema\\\/logo\\\/image\\\/\"}}]}<\/script>\n<!-- \/ Yoast SEO Premium plugin. -->","yoast_head_json":{"title":"\u00c1reas de pr\u00e1ctica - Rideout Law Group","description":"Explora nuestras Completas \u00c1reas de Pr\u00e1ctica. Conf\u00eda en los abogados de Rideout para atender tus necesidades legales. Ponte en contacto con nosotros hoy mismo para obtener asesoramiento jur\u00eddico especializado","robots":{"index":"index","follow":"follow","max-snippet":"max-snippet:-1","max-image-preview":"max-image-preview:large","max-video-preview":"max-video-preview:-1"},"canonical":"https:\/\/rideoutlaw.com\/es\/areas-de-practica\/","og_locale":"es_ES","og_type":"article","og_title":"\u00c1reas de pr\u00e1ctica","og_description":"Explora nuestras Completas \u00c1reas de Pr\u00e1ctica. Conf\u00eda en los abogados de Rideout para atender tus necesidades legales. Ponte en contacto con nosotros hoy mismo para obtener asesoramiento jur\u00eddico especializado","og_url":"https:\/\/rideoutlaw.com\/es\/areas-de-practica\/","og_site_name":"Rideout Law Group","article_modified_time":"2025-08-11T19:35:11+00:00","og_image":[{"width":800,"height":800,"url":"https:\/\/rideoutlaw.com\/wp-content\/uploads\/2023\/08\/Brad-Rideout-Law-Group-1.jpg","type":"image\/jpeg"}],"twitter_card":"summary_large_image","twitter_misc":{"Est. reading time":"1 minute"},"schema":{"@context":"https:\/\/schema.org","@graph":[{"@type":"WebPage","@id":"https:\/\/rideoutlaw.com\/es\/areas-de-practica\/","url":"https:\/\/rideoutlaw.com\/es\/areas-de-practica\/","name":"\u00c1reas de pr\u00e1ctica - Rideout Law Group","isPartOf":{"@id":"https:\/\/rideoutlaw.com\/#website"},"primaryImageOfPage":{"@id":"https:\/\/rideoutlaw.com\/es\/areas-de-practica\/#primaryimage"},"image":{"@id":"https:\/\/rideoutlaw.com\/es\/areas-de-practica\/#primaryimage"},"thumbnailUrl":"https:\/\/rideoutlaw.com\/wp-content\/uploads\/2023\/08\/Brad-Rideout-Law-Group-1.jpg","datePublished":"2025-06-04T18:45:10+00:00","dateModified":"2025-08-11T19:35:11+00:00","description":"Explora nuestras Completas \u00c1reas de Pr\u00e1ctica. Conf\u00eda en los abogados de Rideout para atender tus necesidades legales. Ponte en contacto con nosotros hoy mismo para obtener asesoramiento jur\u00eddico especializado","breadcrumb":{"@id":"https:\/\/rideoutlaw.com\/es\/areas-de-practica\/#breadcrumb"},"inLanguage":"es-ES","potentialAction":[{"@type":"ReadAction","target":["https:\/\/rideoutlaw.com\/es\/areas-de-practica\/"]}]},{"@type":"ImageObject","inLanguage":"es-ES","@id":"https:\/\/rideoutlaw.com\/es\/areas-de-practica\/#primaryimage","url":"https:\/\/rideoutlaw.com\/wp-content\/uploads\/2023\/08\/Brad-Rideout-Law-Group-1.jpg","contentUrl":"https:\/\/rideoutlaw.com\/wp-content\/uploads\/2023\/08\/Brad-Rideout-Law-Group-1.jpg","width":800,"height":800,"caption":"Attorney Brad Rideout"},{"@type":"BreadcrumbList","@id":"https:\/\/rideoutlaw.com\/es\/areas-de-practica\/#breadcrumb","itemListElement":[{"@type":"ListItem","position":1,"name":"Home","item":"https:\/\/rideoutlaw.com\/es\/"},{"@type":"ListItem","position":2,"name":"\u00c1reas de pr\u00e1ctica"}]},{"@type":"WebSite","@id":"https:\/\/rideoutlaw.com\/#website","url":"https:\/\/rideoutlaw.com\/","name":"Rideout Law Group","description":"","publisher":{"@id":"https:\/\/rideoutlaw.com\/#organization"},"potentialAction":[{"@type":"SearchAction","target":{"@type":"EntryPoint","urlTemplate":"https:\/\/rideoutlaw.com\/?s={search_term_string}"},"query-input":{"@type":"PropertyValueSpecification","valueRequired":true,"valueName":"search_term_string"}}],"inLanguage":"es-ES"},{"@type":"Organization","@id":"https:\/\/rideoutlaw.com\/#organization","name":"Rideout Law Group","url":"https:\/\/rideoutlaw.com\/","logo":{"@type":"ImageObject","inLanguage":"es-ES","@id":"https:\/\/rideoutlaw.com\/#\/schema\/logo\/image\/","url":"https:\/\/rideoutlaw.com\/wp-content\/uploads\/2019\/03\/rideoutlawgroup-logo-reverse.png","contentUrl":"https:\/\/rideoutlaw.com\/wp-content\/uploads\/2019\/03\/rideoutlawgroup-logo-reverse.png","width":1299,"height":149,"caption":"Rideout Law Group"},"image":{"@id":"https:\/\/rideoutlaw.com\/#\/schema\/logo\/image\/"}}]}},"_links":{"self":[{"href":"https:\/\/rideoutlaw.com\/es\/wp-json\/wp\/v2\/pages\/26475","targetHints":{"allow":["GET"]}}],"collection":[{"href":"https:\/\/rideoutlaw.com\/es\/wp-json\/wp\/v2\/pages"}],"about":[{"href":"https:\/\/rideoutlaw.com\/es\/wp-json\/wp\/v2\/types\/page"}],"author":[{"embeddable":true,"href":"https:\/\/rideoutlaw.com\/es\/wp-json\/wp\/v2\/users\/8"}],"replies":[{"embeddable":true,"href":"https:\/\/rideoutlaw.com\/es\/wp-json\/wp\/v2\/comments?post=26475"}],"version-history":[{"count":2,"href":"https:\/\/rideoutlaw.com\/es\/wp-json\/wp\/v2\/pages\/26475\/revisions"}],"predecessor-version":[{"id":26706,"href":"https:\/\/rideoutlaw.com\/es\/wp-json\/wp\/v2\/pages\/26475\/revisions\/26706"}],"wp:featuredmedia":[{"embeddable":true,"href":"https:\/\/rideoutlaw.com\/es\/wp-json\/wp\/v2\/media\/23473"}],"wp:attachment":[{"href":"https:\/\/rideoutlaw.com\/es\/wp-json\/wp\/v2\/media?parent=26475"}],"curies":[{"name":"wp","href":"https:\/\/api.w.org\/{rel}","templated":true}]}}